{"id":4320,"date":"2025-03-21T11:30:04","date_gmt":"2025-03-21T10:30:04","guid":{"rendered":"https:\/\/htgeurope.com\/impression\/"},"modified":"2025-04-03T13:36:33","modified_gmt":"2025-04-03T11:36:33","slug":"impression","status":"publish","type":"page","link":"https:\/\/htgeurope.com\/fr\/impression\/","title":{"rendered":"Impression"},"content":{"rendered":"<div class=\"fusion-fullwidth fullwidth-box fusion-builder-row-1 fusion-flex-container has-pattern-background has-mask-background nonhundred-percent-fullwidth non-hundred-percent-height-scrolling\" style=\"--awb-border-radius-top-left:0px;--awb-border-radius-top-right:0px;--awb-border-radius-bottom-right:0px;--awb-border-radius-bottom-left:0px;--awb-flex-wrap:wrap;\" ><div class=\"fusion-builder-row fusion-row fusion-flex-align-items-flex-start fusion-flex-content-wrap\" style=\"max-width:1414.4px;margin-left: calc(-4% \/ 2 );margin-right: calc(-4% \/ 2 );\"><div class=\"fusion-layout-column fusion_builder_column fusion-builder-column-0 fusion_builder_column_1_1 1_1 fusion-flex-column\" style=\"--awb-bg-blend:overlay;--awb-bg-size:cover;--awb-width-large:100%;--awb-margin-top-large:0px;--awb-spacing-right-large:1.92%;--awb-margin-bottom-large:0px;--awb-spacing-left-large:1.92%;--awb-width-medium:100%;--awb-order-medium:0;--awb-spacing-right-medium:1.92%;--awb-spacing-left-medium:1.92%;--awb-width-small:100%;--awb-order-small:0;--awb-spacing-right-small:1.92%;--awb-spacing-left-small:1.92%;\" data-scroll-devices=\"small-visibility,medium-visibility,large-visibility\"><div class=\"fusion-column-wrapper fusion-column-has-shadow fusion-flex-justify-content-flex-start fusion-content-layout-column\"><div class=\"fusion-text fusion-text-1\" style=\"--awb-margin-top:0px;\"><h1>Avis de site<\/h1>\n<p>HTG Europe GmbH<br \/>\nIm Fisserhook 7<br \/>\n46395 Bocholt<\/p>\n<p>Registre du commerce : 123456789<br \/>\nTribunal d&rsquo;enregistrement : Bocholt<\/p>\n<p><strong>Repr\u00e9sent\u00e9 par :<\/strong><br \/>\n&#8211; Andreas Funke<br \/>\n&#8211; Christian Krolle<\/p>\n<h2>Contact<\/h2>\n<p>T\u00e9l\u00e9phone : +49 [0] 2871. 24758-0<br \/>\nFax : +49 [0] 2871. 2475-50<br \/>\nE-mail : info@htgeurope.com<\/p>\n<h2>NUM\u00c9RO D&rsquo;IDENTIFICATION TVA<\/h2>\n<p>Num\u00e9ro d&rsquo;identification de la taxe sur les ventes conform\u00e9ment \u00e0 l&rsquo;article 27 a de la loi sur la taxe sur les ventes :<br \/>\n123456789<\/p>\n<h2>R\u00e9solution des litiges dans l&rsquo;UE<\/h2>\n<p>La Commission europ\u00e9enne propose une plateforme de r\u00e9solution des litiges en ligne (ODR) <a href=\"https:\/\/ec.europa.eu\/consumers\/odr\/\" target=\"_blank\" rel=\"noopener noreferrer\">: https:\/\/ec.europa.eu\/consumers\/odr\/.<\/a><br \/>\nVous trouverez notre adresse \u00e9lectronique dans l&rsquo;avis de site ci-dessus.<\/p>\n<h2>Proc\u00e9dure de r\u00e9solution des litiges devant une commission d&rsquo;arbitrage des consommateurs<\/h2>\n<p>Nous ne sommes pas dispos\u00e9s ou oblig\u00e9s de participer \u00e0 une proc\u00e9dure de r\u00e9solution des litiges devant une commission d&rsquo;arbitrage des consommateurs.<\/p>\n<\/div><\/div><\/div><\/div><\/div>\n","protected":false},"excerpt":{"rendered":"","protected":false},"author":1,"featured_media":0,"parent":0,"menu_order":0,"comment_status":"closed","ping_status":"open","template":"","meta":{"footnotes":""},"class_list":["post-4320","page","type-page","status-publish","hentry"],"yoast_head":"<!-- This site is optimized with the Yoast SEO plugin v27.4 - https:\/\/yoast.com\/product\/yoast-seo-wordpress\/ -->\n<title>Impression - HTG EUROPE<\/title>\n<meta name=\"robots\" content=\"index, follow, max-snippet:-1, max-image-preview:large, max-video-preview:-1\" \/>\n<link rel=\"canonical\" href=\"https:\/\/htgeurope.com\/fr\/impression\/\" \/>\n<meta property=\"og:locale\" content=\"fr_FR\" \/>\n<meta property=\"og:type\" content=\"article\" \/>\n<meta property=\"og:title\" content=\"Impression - HTG EUROPE\" \/>\n<meta property=\"og:url\" content=\"https:\/\/htgeurope.com\/fr\/impression\/\" \/>\n<meta property=\"og:site_name\" content=\"HTG EUROPE\" \/>\n<meta property=\"article:modified_time\" content=\"2025-04-03T11:36:33+00:00\" \/>\n<meta name=\"twitter:card\" content=\"summary_large_image\" \/>\n<meta name=\"twitter:label1\" content=\"Dur\u00e9e de lecture estim\u00e9e\" \/>\n\t<meta name=\"twitter:data1\" content=\"1 minute\" \/>\n<script type=\"application\/ld+json\" class=\"yoast-schema-graph\">{\"@context\":\"https:\\\/\\\/schema.org\",\"@graph\":[{\"@type\":\"WebPage\",\"@id\":\"https:\\\/\\\/htgeurope.com\\\/fr\\\/impression\\\/\",\"url\":\"https:\\\/\\\/htgeurope.com\\\/fr\\\/impression\\\/\",\"name\":\"Impression - HTG EUROPE\",\"isPartOf\":{\"@id\":\"https:\\\/\\\/htgeurope.com\\\/fr\\\/#website\"},\"datePublished\":\"2025-03-21T10:30:04+00:00\",\"dateModified\":\"2025-04-03T11:36:33+00:00\",\"breadcrumb\":{\"@id\":\"https:\\\/\\\/htgeurope.com\\\/fr\\\/impression\\\/#breadcrumb\"},\"inLanguage\":\"fr-FR\",\"potentialAction\":[{\"@type\":\"ReadAction\",\"target\":[\"https:\\\/\\\/htgeurope.com\\\/fr\\\/impression\\\/\"]}]},{\"@type\":\"BreadcrumbList\",\"@id\":\"https:\\\/\\\/htgeurope.com\\\/fr\\\/impression\\\/#breadcrumb\",\"itemListElement\":[{\"@type\":\"ListItem\",\"position\":1,\"name\":\"Home\",\"item\":\"https:\\\/\\\/htgeurope.com\\\/fr\\\/\"},{\"@type\":\"ListItem\",\"position\":2,\"name\":\"Impression\"}]},{\"@type\":\"WebSite\",\"@id\":\"https:\\\/\\\/htgeurope.com\\\/fr\\\/#website\",\"url\":\"https:\\\/\\\/htgeurope.com\\\/fr\\\/\",\"name\":\"HTG EUROPE\",\"description\":\"\",\"publisher\":{\"@id\":\"https:\\\/\\\/htgeurope.com\\\/fr\\\/#organization\"},\"potentialAction\":[{\"@type\":\"SearchAction\",\"target\":{\"@type\":\"EntryPoint\",\"urlTemplate\":\"https:\\\/\\\/htgeurope.com\\\/fr\\\/?s={search_term_string}\"},\"query-input\":{\"@type\":\"PropertyValueSpecification\",\"valueRequired\":true,\"valueName\":\"search_term_string\"}}],\"inLanguage\":\"fr-FR\"},{\"@type\":\"Organization\",\"@id\":\"https:\\\/\\\/htgeurope.com\\\/fr\\\/#organization\",\"name\":\"Bauma HTG Europe GmbH\",\"url\":\"https:\\\/\\\/htgeurope.com\\\/fr\\\/\",\"logo\":{\"@type\":\"ImageObject\",\"inLanguage\":\"fr-FR\",\"@id\":\"https:\\\/\\\/htgeurope.com\\\/fr\\\/#\\\/schema\\\/logo\\\/image\\\/\",\"url\":\"https:\\\/\\\/htgeurope.com\\\/wp-content\\\/uploads\\\/2025\\\/03\\\/htg-europe-2025.png\",\"contentUrl\":\"https:\\\/\\\/htgeurope.com\\\/wp-content\\\/uploads\\\/2025\\\/03\\\/htg-europe-2025.png\",\"width\":1509,\"height\":1418,\"caption\":\"Bauma HTG Europe GmbH\"},\"image\":{\"@id\":\"https:\\\/\\\/htgeurope.com\\\/fr\\\/#\\\/schema\\\/logo\\\/image\\\/\"}}]}<\/script>\n<!-- \/ Yoast SEO plugin. -->","yoast_head_json":{"title":"Impression - HTG EUROPE","robots":{"index":"index","follow":"follow","max-snippet":"max-snippet:-1","max-image-preview":"max-image-preview:large","max-video-preview":"max-video-preview:-1"},"canonical":"https:\/\/htgeurope.com\/fr\/impression\/","og_locale":"fr_FR","og_type":"article","og_title":"Impression - HTG EUROPE","og_url":"https:\/\/htgeurope.com\/fr\/impression\/","og_site_name":"HTG EUROPE","article_modified_time":"2025-04-03T11:36:33+00:00","twitter_card":"summary_large_image","twitter_misc":{"Dur\u00e9e de lecture estim\u00e9e":"1 minute"},"schema":{"@context":"https:\/\/schema.org","@graph":[{"@type":"WebPage","@id":"https:\/\/htgeurope.com\/fr\/impression\/","url":"https:\/\/htgeurope.com\/fr\/impression\/","name":"Impression - HTG EUROPE","isPartOf":{"@id":"https:\/\/htgeurope.com\/fr\/#website"},"datePublished":"2025-03-21T10:30:04+00:00","dateModified":"2025-04-03T11:36:33+00:00","breadcrumb":{"@id":"https:\/\/htgeurope.com\/fr\/impression\/#breadcrumb"},"inLanguage":"fr-FR","potentialAction":[{"@type":"ReadAction","target":["https:\/\/htgeurope.com\/fr\/impression\/"]}]},{"@type":"BreadcrumbList","@id":"https:\/\/htgeurope.com\/fr\/impression\/#breadcrumb","itemListElement":[{"@type":"ListItem","position":1,"name":"Home","item":"https:\/\/htgeurope.com\/fr\/"},{"@type":"ListItem","position":2,"name":"Impression"}]},{"@type":"WebSite","@id":"https:\/\/htgeurope.com\/fr\/#website","url":"https:\/\/htgeurope.com\/fr\/","name":"HTG EUROPE","description":"","publisher":{"@id":"https:\/\/htgeurope.com\/fr\/#organization"},"potentialAction":[{"@type":"SearchAction","target":{"@type":"EntryPoint","urlTemplate":"https:\/\/htgeurope.com\/fr\/?s={search_term_string}"},"query-input":{"@type":"PropertyValueSpecification","valueRequired":true,"valueName":"search_term_string"}}],"inLanguage":"fr-FR"},{"@type":"Organization","@id":"https:\/\/htgeurope.com\/fr\/#organization","name":"Bauma HTG Europe GmbH","url":"https:\/\/htgeurope.com\/fr\/","logo":{"@type":"ImageObject","inLanguage":"fr-FR","@id":"https:\/\/htgeurope.com\/fr\/#\/schema\/logo\/image\/","url":"https:\/\/htgeurope.com\/wp-content\/uploads\/2025\/03\/htg-europe-2025.png","contentUrl":"https:\/\/htgeurope.com\/wp-content\/uploads\/2025\/03\/htg-europe-2025.png","width":1509,"height":1418,"caption":"Bauma HTG Europe GmbH"},"image":{"@id":"https:\/\/htgeurope.com\/fr\/#\/schema\/logo\/image\/"}}]}},"_links":{"self":[{"href":"https:\/\/htgeurope.com\/fr\/wp-json\/wp\/v2\/pages\/4320","targetHints":{"allow":["GET"]}}],"collection":[{"href":"https:\/\/htgeurope.com\/fr\/wp-json\/wp\/v2\/pages"}],"about":[{"href":"https:\/\/htgeurope.com\/fr\/wp-json\/wp\/v2\/types\/page"}],"author":[{"embeddable":true,"href":"https:\/\/htgeurope.com\/fr\/wp-json\/wp\/v2\/users\/1"}],"replies":[{"embeddable":true,"href":"https:\/\/htgeurope.com\/fr\/wp-json\/wp\/v2\/comments?post=4320"}],"version-history":[{"count":3,"href":"https:\/\/htgeurope.com\/fr\/wp-json\/wp\/v2\/pages\/4320\/revisions"}],"predecessor-version":[{"id":4373,"href":"https:\/\/htgeurope.com\/fr\/wp-json\/wp\/v2\/pages\/4320\/revisions\/4373"}],"wp:attachment":[{"href":"https:\/\/htgeurope.com\/fr\/wp-json\/wp\/v2\/media?parent=4320"}],"curies":[{"name":"wp","href":"https:\/\/api.w.org\/{rel}","templated":true}]}}